{"id":10,"date":"2022-01-08T15:22:02","date_gmt":"2022-01-08T14:22:02","guid":{"rendered":"http:\/\/www.peppertools.de\/es\/?page_id=10"},"modified":"2022-01-08T15:28:07","modified_gmt":"2022-01-08T14:28:07","slug":"desarrollo","status":"publish","type":"page","link":"https:\/\/www.peppertools.de\/es\/desarrollo\/","title":{"rendered":"Desarrollo de software"},"content":{"rendered":"\n<h2 class=\"wp-block-heading\">Soluciones individuales<\/h2>\n\n\n\n<p>El desarrollo de soluciones de software individuales alivia a los empleados en sus actividades rutinarias. El tiempo liberado como resultado se puede utilizar para desarrollar a\u00fan m\u00e1s su propia empresa, ganar nuevos clientes y, por lo tanto, aumentar las ventas. A corto y mediano plazo, vale la pena invertir en un software que optimice los procesos que se repiten constantemente hasta la automatizaci\u00f3n total.<\/p>\n\n\n\n<h2 class=\"wp-block-heading\">Experiencia<\/h2>\n\n\n\n<p>He estado programando desde 1987 y he aprendido sobre innumerables lenguajes y sistemas de programaci\u00f3n desde entonces. En los \u00faltimos 20 a\u00f1os he trabajado para muchas empresas medianas y he desarrollado tanto sus sistemas como soluciones de software completamente independientes.<\/p>\n\n\n\n<h2 class=\"wp-block-heading\">Especializaci\u00f3n<\/h2>\n\n\n\n<p>Mientras tanto, mi especializaci\u00f3n es en aplicaciones Windows .NET (C#) soportadas por bases de datos; En particular, las interfaces entre diferentes sistemas forman una gran parte de mi trabajo. De esta manera creo la conexi\u00f3n entre los m\u00e1s variados sistemas para procesar e intercambiar datos de la forma m\u00e1s autom\u00e1tica posible. Adem\u00e1s, el desarrollo (web) en el \u00e1rea de PHP es mi segunda \u00e1rea para permitir la comunicaci\u00f3n entre las aplicaciones de Windows y el mundo web.<\/p>\n\n\n\n<p>Elgunos ejemplos &#8230;<\/p>\n\n\n\n<ul class=\"wp-block-list\"><li>Conexiones EDI para varios formatos EDIFACT como ORDERS, ORDRSP, DESADV, INVOICE como Amazon Vendor, antes Neckermann, Netto, myToys y otras grandes empresas<\/li><li>Interfaces entre sistemas ERP como SAP, Munixo, Kadis y grandes tiendas online con m\u00e1s de 100.000 pedidos al a\u00f1o<\/li><li>Extensiones del servidor Munixo ERP<\/li><li>Interfaces de contabilidad financiera (CSV y BAPI) entre SAP y otros sistemas<\/li><li>Conexiones de Salesforce a sistemas ERP para el intercambio de datos bidireccional<\/li><li>API REST\/SOAP<\/li><li>Sistema CRM individual<\/li><li>Adquisici\u00f3n de datos de producci\u00f3n individuales<\/li><li>software de exposici\u00f3n<\/li><li>Evaluaciones Qlikview BI<\/li><\/ul>\n\n\n\n<h2 class=\"wp-block-heading\">Contacto<\/h2>\n\n\n\n<p>En principio, el a\u00f1o siempre est\u00e1 muy bien planificado. Si est\u00e1 interesado, esperamos consultas significativas y luego podemos discutir los detalles personalmente. P\u00f3ngase en contacto con nosotros por primera vez por correo electr\u00f3nico (info {at) peppertools.de).<\/p>\n\n\n\n<p><\/p>\n","protected":false},"excerpt":{"rendered":"<p>Soluciones individuales El desarrollo de soluciones de software individuales alivia a los empleados en sus actividades rutinarias. El tiempo liberado<\/p>\n","protected":false},"author":1,"featured_media":0,"parent":0,"menu_order":0,"comment_status":"closed","ping_status":"closed","template":"","meta":{"footnotes":""},"class_list":["post-10","page","type-page","status-publish","hentry"],"_links":{"self":[{"href":"https:\/\/www.peppertools.de\/es\/wp-json\/wp\/v2\/pages\/10","targetHints":{"allow":["GET"]}}],"collection":[{"href":"https:\/\/www.peppertools.de\/es\/wp-json\/wp\/v2\/pages"}],"about":[{"href":"https:\/\/www.peppertools.de\/es\/wp-json\/wp\/v2\/types\/page"}],"author":[{"embeddable":true,"href":"https:\/\/www.peppertools.de\/es\/wp-json\/wp\/v2\/users\/1"}],"replies":[{"embeddable":true,"href":"https:\/\/www.peppertools.de\/es\/wp-json\/wp\/v2\/comments?post=10"}],"version-history":[{"count":2,"href":"https:\/\/www.peppertools.de\/es\/wp-json\/wp\/v2\/pages\/10\/revisions"}],"predecessor-version":[{"id":20,"href":"https:\/\/www.peppertools.de\/es\/wp-json\/wp\/v2\/pages\/10\/revisions\/20"}],"wp:attachment":[{"href":"https:\/\/www.peppertools.de\/es\/wp-json\/wp\/v2\/media?parent=10"}],"curies":[{"name":"wp","href":"https:\/\/api.w.org\/{rel}","templated":true}]}}