{"id":17,"date":"2022-01-08T15:03:41","date_gmt":"2022-01-08T14:03:41","guid":{"rendered":"http:\/\/www.peppertools.de\/fr\/?page_id=17"},"modified":"2022-03-25T19:26:19","modified_gmt":"2022-03-25T18:26:19","slug":"software-download","status":"publish","type":"page","link":"https:\/\/www.peppertools.de\/fr\/","title":{"rendered":"T\u00e9l\u00e9chargement de logiciel"},"content":{"rendered":"\n<p>Cliquez sur le nom du logiciel pour \u00eatre redirig\u00e9 directement vers le produit dans la boutique en ligne.<\/p>\n\n\n<figure class=\"wp-block-table\">\n<table>\n<tbody>\n<tr>\n<td><a href=\"https:\/\/shop.peppertools.de\/fr\/Easy-Invoice\/Programme-de-facturation-pour-Windows-Easy-Invoice::1.html\"><strong>Easy Invoice<\/strong><\/a><\/td>\n<td><span class=\"VIiyi\" lang=\"fr\"><span class=\"JLqJ4b ChMk0b\" data-language-for-alternatives=\"fr\" data-language-to-translate-into=\"de\" data-phrase-index=\"2\" data-number-of-phrases=\"21\">Logiciel de r\u00e9daction de devis et de factures<\/span><\/span><\/td>\n<td class=\"has-text-align-right\" data-align=\"right\"><a href=\"https:\/\/download.peppertools.de\/?EasyInvoice\"><img decoding=\"async\" style=\"width: 100px;\" src=\"https:\/\/www.peppertools.de\/wp-content\/uploads\/2022\/01\/file-download.png\" alt=\"\" \/><\/a><\/td>\n<\/tr>\n<tr>\n<td><a href=\"https:\/\/shop.peppertools.de\/fr\/Bewerbungsmanagement\/Gestion-des-applications::7.html\"><strong>Bewerbungsmanagement<\/strong><\/a><\/td>\n<td><span class=\"VIiyi\" lang=\"fr\"><span class=\"JLqJ4b ChMk0b\" data-language-for-alternatives=\"fr\" data-language-to-translate-into=\"de\" data-phrase-index=\"4\" data-number-of-phrases=\"21\">Logiciel d&rsquo;\u00e9criture d&rsquo;applications.<\/span> <span class=\"JLqJ4b ChMk0b\" data-language-for-alternatives=\"fr\" data-language-to-translate-into=\"de\" data-phrase-index=\"5\" data-number-of-phrases=\"21\">Cr\u00e9ation de dossiers de candidature au format PDF.<\/span><\/span><\/td>\n<td class=\"has-text-align-right\" data-align=\"right\"><a href=\"https:\/\/download.peppertools.de\/?Bewerbung\"><img decoding=\"async\" src=\"https:\/\/www.peppertools.de\/wp-content\/uploads\/2022\/01\/file-download.png\" alt=\"\" \/><\/a><\/td>\n<\/tr>\n<tr>\n<td><a href=\"https:\/\/shop.peppertools.de\/fr\/VAT-Validator\/Validateur-de-TVA-Verification-du-numero-de-TVA-par-lOffice-central-federal-des-impots::3.html\"><strong>VAT Validator<\/strong><\/a><\/td>\n<td><span class=\"VIiyi\" lang=\"fr\"><span class=\"JLqJ4b ChMk0b\" data-language-for-alternatives=\"fr\" data-language-to-translate-into=\"de\" data-phrase-index=\"7\" data-number-of-phrases=\"21\">Programme de validation des num\u00e9ros d&rsquo;identification fiscale pour leur validit\u00e9.<\/span> <span class=\"JLqJ4b ChMk0b\" data-language-for-alternatives=\"fr\" data-language-to-translate-into=\"de\" data-phrase-index=\"8\" data-number-of-phrases=\"21\">La comparaison s&rsquo;effectue via l&rsquo;Office central f\u00e9d\u00e9ral des imp\u00f4ts.<\/span><\/span><\/td>\n<td class=\"has-text-align-right\" data-align=\"right\"><a href=\"https:\/\/download.peppertools.de\/?VATValidator\"><img decoding=\"async\" src=\"https:\/\/www.peppertools.de\/wp-content\/uploads\/2022\/01\/file-download.png\" alt=\"\" \/><\/a><\/td>\n<\/tr>\n<tr>\n<td><a href=\"https:\/\/shop.peppertools.de\/fr\/MsOffice-block-texts\/MsOffice-Blocktext-Supporter-pour-Microsoft-Word-et-Outlook::5.html\"><strong>Blocktext Supporter<\/strong><\/a><\/td>\n<td><span class=\"VIiyi\" lang=\"fr\"><span class=\"JLqJ4b ChMk0b\" data-language-for-alternatives=\"fr\" data-language-to-translate-into=\"de\" data-phrase-index=\"10\" data-number-of-phrases=\"21\">Plug-in MsOffice Word et Outlook pour cr\u00e9er, g\u00e9rer et utiliser des blocs de texte.<\/span> <span class=\"JLqJ4b ChMk0b\" data-language-for-alternatives=\"fr\" data-language-to-translate-into=\"de\" data-phrase-index=\"11\" data-number-of-phrases=\"21\">L&rsquo;utilisation de graphiques est possible.<\/span><\/span><\/td>\n<td class=\"has-text-align-right\" width=\"100\" data-align=\"right\"><a href=\"https:\/\/download.peppertools.de\/?BlocktextSupporter\"><img decoding=\"async\" src=\"https:\/\/www.peppertools.de\/wp-content\/uploads\/2022\/01\/file-download.png\" alt=\"Software Download\" width=\"100\" \/><\/a><\/td>\n<\/tr>\n<tr>\n<td><a href=\"https:\/\/shop.peppertools.de\/de\/Druckerverwaltung\/Drucker-und-Toner-Verwaltung::12.html\"><strong>Druckerverwaltung Printer Admin<\/strong><\/a><\/td>\n<td>Gestion des imprimantes pour g\u00e9rer vos stocks de toner et vos p\u00e9riph\u00e9riques.<\/td>\n<td class=\"has-text-align-right\" width=\"100\" data-align=\"right\"><a href=\"https:\/\/download.peppertools.de\/?PrinterAdmin\"><img decoding=\"async\" src=\"https:\/\/www.peppertools.de\/wp-content\/uploads\/2022\/01\/file-download.png\" alt=\"Software Download\" width=\"100\" \/><\/a><\/td>\n<\/tr>\n<tr>\n<td><a href=\"https:\/\/shop.peppertools.de\/de\/IMAP-Copy\/IMAP-Mail-Copy::13.html\"><strong>IMAP Mail Copy<\/strong><\/a><\/td>\n<td>Copiez des parties ou des comptes de messagerie entiers vers de nouveaux comptes.<\/td>\n<td class=\"has-text-align-right\" width=\"100\" data-align=\"right\"><a href=\"https:\/\/download.peppertools.de\/?IMAPMailCopy\"><img decoding=\"async\" src=\"https:\/\/www.peppertools.de\/wp-content\/uploads\/2022\/01\/file-download.png\" alt=\"Software Download\" width=\"100\" \/><\/a><\/td>\n<\/tr>\n<\/tbody>\n<\/table>\n<\/figure>\n<p><a href=\"https:\/\/www.peppertools.de\/\"><img decoding=\"async\" src=\"\/grafik\/de.gif\" width=\"20\" border=\"0\" \/><\/a>\u00a0\u00a0\u00a0<a href=\"https:\/\/www.peppertools.de\/en\/\"><img decoding=\"async\" src=\"\/grafik\/en.gif\" width=\"20\" border=\"0\" \/><\/a>\u00a0\u00a0\u00a0<a href=\"https:\/\/www.peppertools.de\/es\/\"><img decoding=\"async\" src=\"\/grafik\/es.gif\" width=\"20\" border=\"0\" \/><\/a>\u00a0\u00a0\u00a0<a href=\"https:\/\/www.peppertools.de\/fr\/\"><img decoding=\"async\" src=\"\/grafik\/fr.gif\" width=\"20\" border=\"0\" \/><\/a>\u00a0\u00a0\u00a0<a href=\"https:\/\/www.peppertools.de\/it\/\"><img decoding=\"async\" src=\"\/grafik\/it.gif\" width=\"20\" border=\"0\" \/><\/a>\u00a0\u00a0\u00a0<a href=\"https:\/\/www.peppertools.de\/pl\/\"><img decoding=\"async\" src=\"\/grafik\/pl.gif\" width=\"20\" border=\"0\" \/><\/a><\/p>\n\n\n<h2 class=\"wp-block-heading\">Exigences<\/h2>\n\n\n\n<p>Tous les progiciels fonctionnent sur les syst\u00e8mes d&rsquo;exploitation Windows. macOS et Linux ne sont pas pris en charge. Les syst\u00e8mes d&rsquo;exploitation clients Windows 7, Windows 8, Windows 10 et Windows 11 sont pris en charge.<\/p>\n\n\n\n<p>Les syst\u00e8mes d&rsquo;exploitation Windows Server fonctionnent \u00e9galement si au moins Net Framework 4 est install\u00e9. Vous pouvez t\u00e9l\u00e9charger gratuitement le framework de Microsoft.<\/p>\n\n\n\n<p><\/p>\n","protected":false},"excerpt":{"rendered":"<p>Cliquez sur le nom du logiciel pour \u00eatre redirig\u00e9 directement vers le produit dans la boutique en ligne. Easy Invoice<\/p>\n","protected":false},"author":1,"featured_media":0,"parent":0,"menu_order":0,"comment_status":"closed","ping_status":"closed","template":"","meta":{"footnotes":""},"class_list":["post-17","page","type-page","status-publish","hentry"],"_links":{"self":[{"href":"https:\/\/www.peppertools.de\/fr\/wp-json\/wp\/v2\/pages\/17","targetHints":{"allow":["GET"]}}],"collection":[{"href":"https:\/\/www.peppertools.de\/fr\/wp-json\/wp\/v2\/pages"}],"about":[{"href":"https:\/\/www.peppertools.de\/fr\/wp-json\/wp\/v2\/types\/page"}],"author":[{"embeddable":true,"href":"https:\/\/www.peppertools.de\/fr\/wp-json\/wp\/v2\/users\/1"}],"replies":[{"embeddable":true,"href":"https:\/\/www.peppertools.de\/fr\/wp-json\/wp\/v2\/comments?post=17"}],"version-history":[{"count":7,"href":"https:\/\/www.peppertools.de\/fr\/wp-json\/wp\/v2\/pages\/17\/revisions"}],"predecessor-version":[{"id":56,"href":"https:\/\/www.peppertools.de\/fr\/wp-json\/wp\/v2\/pages\/17\/revisions\/56"}],"wp:attachment":[{"href":"https:\/\/www.peppertools.de\/fr\/wp-json\/wp\/v2\/media?parent=17"}],"curies":[{"name":"wp","href":"https:\/\/api.w.org\/{rel}","templated":true}]}}