{"id":19,"date":"2022-01-08T15:07:16","date_gmt":"2022-01-08T14:07:16","guid":{"rendered":"http:\/\/www.peppertools.de\/fr\/?page_id=19"},"modified":"2022-01-08T15:07:16","modified_gmt":"2022-01-08T14:07:16","slug":"developpement-de-logiciels","status":"publish","type":"page","link":"https:\/\/www.peppertools.de\/fr\/developpement-de-logiciels\/","title":{"rendered":"D\u00e9veloppement de logiciels"},"content":{"rendered":"\n<h2 class=\"wp-block-heading\">Solutions individuelles<\/h2>\n\n\n\n<p>Le d\u00e9veloppement de solutions logicielles individuelles soulage les employ\u00e9s dans leurs activit\u00e9s de routine. Le temps ainsi lib\u00e9r\u00e9 peut \u00eatre consacr\u00e9 au d\u00e9veloppement de votre propre entreprise, \u00e0 l&rsquo;acquisition de nouveaux clients et ainsi \u00e0 l&rsquo;augmentation des ventes. \u00c0 court et moyen terme, il vaut la peine d&rsquo;investir dans un logiciel qui rationalise les processus constamment r\u00e9currents jusqu&rsquo;\u00e0 l&rsquo;automatisation compl\u00e8te.<\/p>\n\n\n\n<h2 class=\"wp-block-heading\">De l&rsquo;exp\u00e9rience<\/h2>\n\n\n\n<p>Je programme depuis 1987 et depuis lors, j&rsquo;ai d\u00e9couvert d&rsquo;innombrables langages et syst\u00e8mes de programmation. Au cours des 20 derni\u00e8res ann\u00e9es, j&rsquo;ai travaill\u00e9 pour de nombreuses entreprises de taille moyenne et j&rsquo;ai d\u00e9velopp\u00e9 \u00e0 la fois leurs syst\u00e8mes et des solutions logicielles totalement ind\u00e9pendantes.<\/p>\n\n\n\n<h2 class=\"wp-block-heading\">Sp\u00e9cialisation<\/h2>\n\n\n\n<p>Pendant ce temps, ma sp\u00e9cialisation est dans les applications Windows .NET prises en charge par les bases de donn\u00e9es (C #); En particulier, les interfaces entre diff\u00e9rents syst\u00e8mes constituent une grande partie de mon travail. Je cr\u00e9e ainsi la connexion entre les syst\u00e8mes les plus vari\u00e9s afin de traiter et d&rsquo;\u00e9changer les donn\u00e9es le plus automatiquement possible. De plus, le d\u00e9veloppement (web) dans le domaine PHP est mon deuxi\u00e8me domaine pour permettre la communication entre les applications Windows et le monde du web.<\/p>\n\n\n\n<p>Quelques exemples &#8230;<\/p>\n\n\n\n<ul class=\"wp-block-list\"><li>Connexions EDI pour divers formats EDIFACT tels que ORDERS, ORDRSP, DESADV, INVOICE comme Amazon Vendor, anciennement Neckermann, Netto, myToys et d&rsquo;autres grandes entreprises<\/li><li>Interfaces entre les syst\u00e8mes ERP tels que SAP, Munixo, Kadis et les grandes boutiques en ligne avec plus de 100 000 commandes par an<\/li><li>Extensions de serveur ERP Munixo<\/li><li>Interfaces de comptabilit\u00e9 financi\u00e8re (CSV &amp; BAPI) entre SAP et d&rsquo;autres syst\u00e8mes<\/li><li>Connexions Salesforce aux syst\u00e8mes ERP pour un \u00e9change de donn\u00e9es bidirectionnel<\/li><li>API REST \/ SOAP<\/li><li>Syst\u00e8me CRM individuel<\/li><li>Acquisition de donn\u00e9es de production individuelles<\/li><li>Logiciel d&rsquo;exposition<\/li><li>\u00c9valuations Qlikview BI<\/li><\/ul>\n\n\n\n<h2 class=\"wp-block-heading\">Contact<\/h2>\n\n\n\n<p>En principe, l&rsquo;ann\u00e9e est toujours tr\u00e8s bien planifi\u00e9e. Si vous \u00eates int\u00e9ress\u00e9, nous attendons avec impatience les demandes de renseignements utiles et pourrons ensuite discuter des d\u00e9tails personnellement. Veuillez nous contacter pour la premi\u00e8re fois par e-mail (info {at) peppertools.de).<\/p>\n\n\n\n<p><\/p>\n\n\n\n<p><\/p>\n","protected":false},"excerpt":{"rendered":"<p>Solutions individuelles Le d\u00e9veloppement de solutions logicielles individuelles soulage les employ\u00e9s dans leurs activit\u00e9s de routine. Le temps ainsi lib\u00e9r\u00e9<\/p>\n","protected":false},"author":1,"featured_media":0,"parent":0,"menu_order":0,"comment_status":"closed","ping_status":"closed","template":"","meta":{"footnotes":""},"class_list":["post-19","page","type-page","status-publish","hentry"],"_links":{"self":[{"href":"https:\/\/www.peppertools.de\/fr\/wp-json\/wp\/v2\/pages\/19","targetHints":{"allow":["GET"]}}],"collection":[{"href":"https:\/\/www.peppertools.de\/fr\/wp-json\/wp\/v2\/pages"}],"about":[{"href":"https:\/\/www.peppertools.de\/fr\/wp-json\/wp\/v2\/types\/page"}],"author":[{"embeddable":true,"href":"https:\/\/www.peppertools.de\/fr\/wp-json\/wp\/v2\/users\/1"}],"replies":[{"embeddable":true,"href":"https:\/\/www.peppertools.de\/fr\/wp-json\/wp\/v2\/comments?post=19"}],"version-history":[{"count":1,"href":"https:\/\/www.peppertools.de\/fr\/wp-json\/wp\/v2\/pages\/19\/revisions"}],"predecessor-version":[{"id":20,"href":"https:\/\/www.peppertools.de\/fr\/wp-json\/wp\/v2\/pages\/19\/revisions\/20"}],"wp:attachment":[{"href":"https:\/\/www.peppertools.de\/fr\/wp-json\/wp\/v2\/media?parent=19"}],"curies":[{"name":"wp","href":"https:\/\/api.w.org\/{rel}","templated":true}]}}