{"id":37,"date":"2022-01-08T21:06:25","date_gmt":"2022-01-08T20:06:25","guid":{"rendered":"http:\/\/www.peppertools.de\/fr\/?page_id=37"},"modified":"2022-08-20T16:45:18","modified_gmt":"2022-08-20T14:45:18","slug":"confidentialite-et-protection-des-donnees","status":"publish","type":"page","link":"https:\/\/www.peppertools.de\/fr\/confidentialite-et-protection-des-donnees\/","title":{"rendered":"Confidentialit\u00e9 et protection des donn\u00e9es"},"content":{"rendered":"\n<h1 class=\"wp-block-heading\">1. Impressum<\/h1>\n\n\n\n<p>Verantwortlich: Charles Imilkowski<br>Stubbenweg 29<br>27753 Delmenhorst<\/p>\n\n\n\n<p>Umsatzsteuer Identnummer: DE316844774<\/p>\n\n\n\n<p>Anfragen per e-Mail: info @ peppertools.de<\/p>\n\n\n\n<p>Faxnummer: 04221 \/ 2929455<br>Telefon: 04221 \/ 9288559<\/p>\n\n\n\n<h1 class=\"wp-block-heading\">2. Datenschutz<\/h1>\n\n\n\n<p>Verantwortlich f\u00fcr die Umsetzung der Bestimmungen aus der Datenschutz Grundverordnung ist der im Impressum genannte Kontakt.<\/p>\n\n\n\n<p>Unsere Datenschutzbestimmungen richten sich nach den neuesten Richtlinien der Datenschutz Grundverordnung \u2013 nachfolgend DSGVO genannt &#8211; mit Erlass vom April 2016, dessen \u00dcbergangsfrist am 25.05.2018 endete.<\/p>\n\n\n\n<p>Wenn Sie sich weitergehend mit den Inhalten der DSGVO besch\u00e4ftigen oder etwas nachlesen m\u00f6chten empfehlen wir Ihnen auch nachfolgende Webseiten:<\/p>\n\n\n\n<ol class=\"wp-block-list\"><li>&nbsp;&nbsp;&nbsp; https:\/\/dejure.org\/gesetze\/DSGVO<\/li><li>&nbsp;&nbsp;&nbsp; https:\/\/dsgvo-gesetz.de<\/li><\/ol>\n\n\n\n<p>Die Nutzung unserer Webseiten ist grunds\u00e4tzlich ohne jede Angabe personenbezogener Daten m\u00f6glich. Zur Nutzung bestimmter Funktionen, wie die Bestellung in unserem Onlineshop ist die Erhebung personenbezogener Daten notwendig, um die Dienstleistung Ihnen gegen\u00fcber erbringen zu k\u00f6nnen. In diesem Fall holen wir Ihre Einwilligung explizit ein.<\/p>\n\n\n\n<p>Die Nutzung der erhobenen Daten erfolgt jederzeit im Einklang mit den Regelungen der DSGVO. Es sind technische und organisatorische Ma\u00dfnahmen getroffen worden, um den Schutz Ihrer Daten sicherzustellen. Trotz dessen k\u00f6nnen \u00dcbertragunswege im Internet auch Sicherheitsl\u00fccken aufweisen auf die wir keinen direkten Einfluss haben. Dementsprechend steht es Ihnen frei, ben\u00f6tigte Daten auch auf alternativem Weg an uns zu \u00fcbermitteln. Ein absoluter Schutz kann von uns nicht gew\u00e4hrleistet werden.<\/p>\n\n\n\n<p>Die Speicherung der personenbezogenen Daten erfolgt nur so lange, wie es f\u00fcr die Zwecke f\u00fcr die sie verarbeitet werden erforderlich ist (\u00a7 5 DSGVO).<\/p>\n\n\n\n<p>Wir verwenden f\u00fcr unsere Webseiten die Daten verarbeiten eine SSL Verschl\u00fcsselung, so dass die gesendeten Daten von Dritten nicht mitgelesen werden k\u00f6nnen. Erkennen k\u00f6nnen Sie dies an Ihrer Browser Adresszeile und dem Schlo\u00df Symbol.<\/p>\n\n\n\n<h3 class=\"wp-block-heading\"><br>a) Was sind personenbezogene Daten ?<\/h3>\n\n\n\n<p>Darunter versteht man alle Informationen die sich auf eine identifizierte oder identifizierbare nat\u00fcrliche Person beziehen. Diese Informationen gehen \u00fcber Daten wie Name und Adresse weit hinaus. Es k\u00f6nnen auch Daten wie eine Kennung zu einem direkten oder indirekten User, Standort- und Nutzungsdaten sein, die eine Verbindung zu einem Account, einem Webseiten Besucher oder einer bestimmten Person herstellen.<\/p>\n\n\n\n<h3 class=\"wp-block-heading\"><br>b) Was versteht man unter Verarbeitung der Daten ?<\/h3>\n\n\n\n<p>Die Verarbeitung kann manuell oder automatisiert im Zusammenhang mit personenbezogenen Daten erfolgen. Dabei ist es unerheblich ob die Daten nur gespeichert oder auch zu weiteren Zwecken genutzt werden. Eine Verarbeitung findet bereits mit Erhebung der Daten statt.<\/p>\n\n\n\n<h2 class=\"wp-block-heading\">3. Datenschutzbeauftragter<\/h2>\n\n\n\n<p>Gem\u00e4\u00df \u00a7 38 BDSG Absatz (1) ist in unserem Fall kein Datenschutzbeauftragter zu stellen. Ihre Rechte und unsere Pflichten gelten nat\u00fcrlich entsprechend DSGVO dennoch.<\/p>\n\n\n\n<p>Wenn Sie Fragen zum Thema haben wenden Sie sich an die bei uns extra daf\u00fcr eingerichtete e-Mail Adresse info@softwareshop1.de<\/p>\n\n\n\n<p>Die Kontaktdaten und die Widerrufsadresse sind dem Impressum zu entnehmen.<\/p>\n\n\n\n<h2 class=\"wp-block-heading\">4. Ihre Rechte<\/h2>\n\n\n\n<p>Sie haben das Recht jederzeit Auskunft \u00fcber die von Ihnen gespeicherten Daten anzufragen. Es besteht ein Recht auf Berichtigung, L\u00f6schen von unrichten Daten oder auf Sperrung. Ihr Recht darf nicht durch gesetzliche Rechte eingeschr\u00e4nkt werden, so z.B. f\u00fcr die Aufbewahrungspflicht von Rechnungen.<\/p>\n\n\n\n<h3 class=\"wp-block-heading\"><br>4.1. Auskunft<\/h3>\n\n\n\n<p>Sie k\u00f6nnen jederzeit gem\u00e4\u00df \u00a7 15 DSGVO Auskunft verlangen welche Daten wir von Ihnen gespeichert haben und zu welchen Zwecken wir diese verarbeiten.<\/p>\n\n\n\n<p>Bitte nutzen Sie daf\u00fcr die Kontaktm\u00f6glichkeiten die an erster Stelle genannt wurden.<\/p>\n\n\n\n<h3 class=\"wp-block-heading\"><br>4.2. Berichtigung<\/h3>\n\n\n\n<p>Sie haben gem\u00e4\u00df \u00a7 16 DSGVO das Recht auf unverz\u00fcgliche Berichtigung oder Vervollst\u00e4ndigung der Sie betreffenden Daten.<\/p>\n\n\n\n<h3 class=\"wp-block-heading\"><br>4.3. L\u00f6schung<\/h3>\n\n\n\n<p>Es gibt Aufbewahrungsfristen die vom Gesetzgeber festgelegt wurden. Gem\u00e4\u00df \u00a7 17 DSGVO haben Sie ein Recht auf L\u00f6schung der bei uns gespeicherten Daten. Sofern Ihr Wunsch auf L\u00f6schung dem h\u00f6herwertigen Recht des Gesetzgebers nicht im Wege steht und es auch nicht zur Aus\u00fcbung oder Verteidigung von Rechtsanspr\u00fcchen erforderlich ist kommen wir Ihrem Wunsch nach. Nach Ablauf der gesetzlichen Fristen werden Ihre Daten automatisch gel\u00f6scht.<\/p>\n\n\n\n<h3 class=\"wp-block-heading\"><br>4.4. Einschr\u00e4nkung der Verarbeitung<\/h3>\n\n\n\n<p>Sie haben das Recht die Einschr\u00e4nkung der Verarbeitung zu verlangen, wenn die Richtigkeit der Daten bestritten wird, die Verarbeitung unrechtm\u00e4\u00dfig ist und die L\u00f6schung abgelehnt wird, die Daten f\u00fcr die Zwecke der Verarbeitung nicht l\u00e4nger ben\u00f6tigt werden oder Sie einen Widerspruch gem\u00e4\u00df \u00a7 21 Absatz 1 eingelegt haben solange noch nicht feststeht ob berechtigte Gr\u00fcnde \u00fcberwiegen.<\/p>\n\n\n\n<h3 class=\"wp-block-heading\"><br>4.5. Widerspruchsrecht \/ Sperre<\/h3>\n\n\n\n<p>Sie haben ein Widerspruchsrecht gem\u00e4\u00df \u00a7 21 DSGVO solange keine vorrangigen berechtigten Gr\u00fcnde vorliegen.<\/p>\n\n\n\n<h3 class=\"wp-block-heading\"><br>4.6. Einwilligungswiderruf<\/h3>\n\n\n\n<p>Gem\u00e4\u00df \u00a7 7 Abs 3 DSGVO haben Sie das Recht Ihre einmal erteilte Einwilligung jederzeit gegen\u00fcber uns zu widerufen. Dies hat zur Folge dass wir die Datenverarbeitung die auf dieser Einwilligung beruhte f\u00fcr die Zukunft nicht mehr machen d\u00fcrfen.<\/p>\n\n\n\n<h3 class=\"wp-block-heading\"><br>4.7. Meldung Aufsichtsbeh\u00f6rde<\/h3>\n\n\n\n<p>Sie haben das Recht gem\u00e4\u00df \u00a7 77 DSGVO sich bei einer Aufsichtsbeh\u00f6rde zu beschweren.<\/p>\n\n\n\n<h3 class=\"wp-block-heading\"><br>4.8. Maschinenlesbare Form<\/h3>\n\n\n\n<p>Gem\u00e4\u00df \u00a7 20 DSGVO haben Sie einen Anspruch darauf Ihre personenbezogenen Daten in einem strukturierten, g\u00e4ngigen und maschinenlesbarenFormat zu erhalten oder die \u00dcbermittlung an dere Verantwortliche zu verlangen.<\/p>\n\n\n\n<h2 class=\"wp-block-heading\">5. Zu welchem Zweck geschieht die Speicherung<\/h2>\n\n\n\n<p>Wir Speichern auf unserer Webseite personenbezogene Daten, um unsere Dienstleistungen erbringen zu k\u00f6nnen. Wenn Sie bei uns Artikel k\u00e4uflich erwerben ben\u00f6tigen wir Ihre Daten, um Ihnen eine entsprechende Lizenz sowie eine gesetzlich vorgeschriebene Rechnung ausstellen zu k\u00f6nnen.<\/p>\n\n\n\n<p>\u00dcber Kontaktformulare und unser Ticket und Chat System Livezilla k\u00f6nnen Sie Kontakt zu uns aufnehmen. Um Ihr Anliegen zuordnen und bearbeiten zu k\u00f6nnen ben\u00f6tigen wir personenbezogene Daten. Die \u00dcbertragung der Daten erfolgt stets auf verschl\u00fcsselten Weg. Sie sind nicht verpflichtet Ihre Daten anzugeben. Wir versuchen Ihr Anliegen \u2013 sofern m\u00f6glich \u2013 auch ohne diese Daten zu l\u00f6sen.<\/p>\n\n\n\n<p>Unsere Webseiten erfassen die Besucher, um uns Statistiken liefern zu k\u00f6nnen. Wir werten aus, ob die Besucheranzahl w\u00e4chst und aus welchen L\u00e4ndern wir den Zugriff auf unsere Webseiten erhalten (siehe Google Analytics). Dabei sind die Daten anonymisiert und werden nicht Ihrem Profil zugeordnet. Diese Informationen nutzen wir, um unser Angebot und damit das Einkaufserlebnis unserer Kunden verbessern zu k\u00f6nnen.<\/p>\n\n\n\n<p>Unser Lizenzsystem ben\u00f6tigt Ihre personenbezogenen Daten, um die gekaufte Lizenz einer Person zuordnen zu k\u00f6nnen. Dabei wird die Lizenz einem Kauf zugeordnet. Eine Lizenz wird immer von einer bestimmten Person lizenziert. Bei Aktivierung einer Software geben Sie Ihre pers\u00f6nlichen Daten ein. Sie m\u00fcssen nicht Ihre Daten eingeben, wenn Sie dem widersprechen. In diesem Fall ist bei Verlust aber keine Zuordnung Ihrer Lizenz zu Ihrem Namen m\u00f6glich. Der Support kann ohne Zuordnung keine Ersatzlizenz ausstellen.<\/p>\n\n\n\n<h2 class=\"wp-block-heading\">6. Zahlungsdienstleister<\/h2>\n\n\n\n<p>Im Onlineshop gibt es die M\u00f6glichkeit mit verschiedenen Zahlungsmethoden den Warenkorb zu bezahlen. Dabei werden personenbezogene Daten verarbeitet bei uns im Shop und beim Zahlungsdienstleister verarbeitet. Wir speichern im Shop alle notwendigen Daten, wie Name, Anschrift, gekaufte Artikel, Telefon und e-Mail Adresse um Ihnen eine Rechnung ausstellen zu k\u00f6nnen. Zus\u00e4tzlich wird f\u00fcr den Kauf die IP Adresse gespeichert, um bei rechtswidrigen Handlungen eine Ermittlung \u00fcber die Stafverfolgungsbeh\u00f6rden einleiten zu k\u00f6nnen.<\/p>\n\n\n\n<p>Paypal, Sofort\u00fcberweisung und Amazon Payments sind Bezahldienste im Internet um Eink\u00e4ufe bezahlen zu k\u00f6nnen. Wir \u00fcbermitteln dabei unsere H\u00e4ndlerkennung an den jeweiligen Bezahldienst, damit die Bezahlung uns zugeordnet werden kann. Ihre Daten zur Bezahlung geben Sie nur beim jeweiligen Bezahldienst ein. Nach erfolgter Bezahlung erfolgt eine R\u00fcckmeldung an unsere Webseite \u00fcber den Erfolg der Transaktion. Die Daten die beim Bezahldienst erhoben und gespeichert werden liegen nicht bei uns.<\/p>\n\n\n\n<h3 class=\"wp-block-heading\"><br>6.1. Paypal<\/h3>\n\n\n\n<p>Der Betreiber des Bezahldienstes Paypal ist PaypPal (Europe) S.\u00e0.r.l. Et Cie, S.C.A., 22-24 Boulevard Royal, L-2449 Luxembourg, E-Mail: impressum@paypal.com, Telefon 0800 &#8211; 723 4500<\/p>\n\n\n\n<p>F\u00fcr die Paypal AGB und Datenschutzgrunds\u00e4tze besuchen Sie bitte https:\/\/www.paypal.com\/de\/webapps\/mpp\/ua\/legalhub-full<\/p>\n\n\n\n<h3 class=\"wp-block-heading\"><br>6.2. Sofort\u00fcberweisung<\/h3>\n\n\n\n<p>Der Betreiber des Bezahldienstes Sofort\u00fcberweisung ist die Sofort GmbH, Theresienh\u00f6he 12, 80339 M\u00fcnchen, Telefon: +49 89 20 20 889 -0, E-Mail: info@sofort.com<\/p>\n\n\n\n<p>F\u00fcr die Sofort\u00fcberweisung AGB und Datenschutzgrunds\u00e4tze besuchen Sie bitte https:\/\/www.sofort.de\/datenschutz.html<\/p>\n\n\n\n<h3 class=\"wp-block-heading\"><br>6.3. Amazon Payments<\/h3>\n\n\n\n<p>Der Betreiber des Bezahldienstes Amazon Payments ist Amazon Payments Europe S.C.A. 5, Rue Plaetis, 2338 Luxemburg. E-Mail: impressum@amazon.de oder \u00fcber das Kontaktformular http:\/\/www.amazon.de\/kontaktformular<\/p>\n\n\n\n<h3 class=\"wp-block-heading\"><br>6.4. \u00dcberweisung und Zahlung auf Rechnung<\/h3>\n\n\n\n<p>Bei der \u00dcberweisung oder Zahlung auf Rechnung erhalten Sie von uns eine Rechnung ausgestellt. Sie \u00fcberweisen dabei von Ihrem Konto direkt auf unseres ohne dass wir weitere Daten erheben.<\/p>\n\n\n\n<h2 class=\"wp-block-heading\">7. Social Media und Kontakt<\/h2>\n\n\n\n<h3 class=\"wp-block-heading\"><br>7.1. Facebook Share<\/h3>\n\n\n\n<p>Facebook ist ein soziales Netzwerk, welcher es den beteiligten erm\u00f6glicht untereinander zu Kommunizieren. Unsere Webseiten beinhalten Komponenten dieses Netzwerkes. Betreiber von Facebook ist \u201eFacebook inc., 1 Hacker Way, Menlo Park, CA 94025, USA\u201c.<\/p>\n\n\n\n<p>Wir setzen auf unserer Webseite Social Plugins des sozialen Netzwerkes Facebook ein, um unser Unternehmen hier\u00fcber bekannter zu machen. Der dahinterstehende werbliche Zweck ist als berechtigtes Interesse im Sinne der DSGVO anzusehen. Die Verantwortung f\u00fcr den datenschutzkonformen Betrieb ist durch deren jeweiligen Anbieter zu gew\u00e4hrleisten.<\/p>\n\n\n\n<p>Die Einbindung dieser Plugins durch uns erfolgt im Wege der sogenannten 2 Klick Methode, um Besucher unserer Webseite bestm\u00f6glich zu sch\u00fctzen.<\/p>\n\n\n\n<p>Durch die Einbindung der Plugins erh\u00e4lt Facebook die Information, dass Ihr Browser die entsprechende Seite unseres Webauftritts aufgerufen hat. Diese Information einschlie\u00dflich Ihrer IP Adresse werden an einen Server von Facebook in den USA \u00fcbermittelt und dort gespeichert. Facebook kann diese Informationen zum Zwecke der Werbung, Marktforschung und bedarfsgerechten Gestaltung der Seiten benutzen. Hierzu werden von Facebook Nutzungs-, Interessen- und Beziehungsprofile erstellt.<\/p>\n\n\n\n<p>Wenn Sie nicht m\u00f6chten, dass Facebook die \u00fcber unseren Webauftritt gesammelten Daten Ihrem Facebook Konto zuordnet, m\u00fcssen Sie sich vor Ihrem Besuch unserer Webseite bei Facebook ausloggen.<\/p>\n\n\n\n<p>Zweck und Umfang der Datenerhebung und die weitere Verarbeitung und Nutzung der Daten sowie Ihrer Einstellungsm\u00f6glichkeiten zum Schutz Ihrer Privatsph\u00e4re enthmen Sie bitten den Datenschutzhinweisen bei Facebook https:\/\/www.facebook.com\/about\/privacy\/<\/p>\n\n\n\n<h3 class=\"wp-block-heading\"><br>7.2. Kontaktformular<\/h3>\n\n\n\n<p>Auf unseren Internet Seiten finden Sie Kontakt Formulare, um Ihnen dar\u00fcber eine direkte Kommunikation zu erm\u00f6glichen. Hierbei werden Name, e-Mail und IP Adresse gespeichert.<\/p>\n\n\n\n<p>Es erfolgt keine Weitergabe der Daten. Diese Daten werden daf\u00fcr verwendet, um Ihr Anliegen zuordnen und bearbeiten zu k\u00f6nnen. Sofern Ihr Anliegen nicht einer bestimmten Person zugeordnet werden muss steht es Ihnen frei den Namen nicht zu nennen. Die e-Mail Adresse wird ben\u00f6tigt, um Ihnen eine Antwort zukommen zu lassen. Kontaktanfragen werden nach einer gewissen Zeit \u2013 insbesondere wenn diese erledigt sind &#8211; gel\u00f6scht.<\/p>\n\n\n\n<h3 class=\"wp-block-heading\"><br>7.4. Youtube Videos<\/h3>\n\n\n\n<p>Wir verwenden auf unseren Webseiten selbst erstellte Youtube Videos und zeigen diese an. Das Video liegt auf Servern von Youtube in den USA und ist in unsere Webseite eingebettet. Dabei verwenden wir den erweiterten Datenschutzmodus von Youtube, um das Speichern von Cookies zu unterbinden.<\/p>\n\n\n\n<h2 class=\"wp-block-heading\">8. Usertracking<\/h2>\n\n\n\n<h3 class=\"wp-block-heading\"><br>8.1. Cookies<\/h3>\n\n\n\n<p>Wir verwenden auf unseren Webseiten Cookies. Cookies sind kleine Text Dateien, die Ihr Internet Browser automatisch auf Ihrem PC speichert. Das ist im Internet eine g\u00e4ngige Praxis, um Ihnen das Besuchen der Webseite nutzerfreundlich zu gestalten. Cookies arbeiten wie ein kleiner Datenspeicher, der es Ihnen unter anderem auch erm\u00f6glicht bestimmte Informationen nicht immer neu auf der Webseite eingeben zu m\u00fcssen.<\/p>\n\n\n\n<p>Diese Cookies beinhalten eine eindeutige Kennung des Cookies. Dadurch kann dieses bei einem erneuten Besuch wieder Ihnen zugeordnet werden. So haben Sie die M\u00f6glichkeit Ihre Zugangsdaten oder Warenk\u00f6rbe im Onlineshop zu speichern.<\/p>\n\n\n\n<p>Sie k\u00f6nnen die Nutzung von Cookies jederzeit deaktivieren oder bereits gespeicherte Cookies lesen oder l\u00f6schen. Dies geschieht in Ihrem verwendeten Internet Browser in den Einstellungen. Hier k\u00f6nnen Sie auch einstellen, dass Sie bei der Erstellung von Cookies um Erlaubnis gefragt werden.<\/p>\n\n\n\n<p>Bitte schauen Sie hierzu in die Anleitung des Browsers.<\/p>\n\n\n\n<p>Wenn die Cookies deaktiviert werden kann es sein, dass nicht alle Funktionen unserer Webseite nutzbar sind. Cookies werden nach einer Zeit automatisch gel\u00f6scht.<\/p>\n\n\n\n<p>Die durch Cookies verarbeiteten Daten sind f\u00fcr die genannten Zwecke zur Wahrung unserer berechtigten Interessen sowie der Dritter nach Art. 6 Abs. 1 S. 1 lit. f DSGVO erforderlich.<\/p>\n\n\n\n<h3 class=\"wp-block-heading\"><br>8.2. Session Cookies<\/h3>\n\n\n\n<p>Sessions arbeiten wie Cookies jedoch mit dem Unterschied dass diese nicht auf Ihrem PC sondern auf unserem Server abgespeichert werden. \u00dcber die so gespeicherte Session k\u00f6nnen Sie bei jedem Klick auf unserer Webseite identifiziert werden. Dadurch wissen wir wenn Sie einen neuen Link auf unserer Seite aufrufen, dass Sie es sind.<\/p>\n\n\n\n<p>Session Cookies werden bei uns nach dem Ende Ihres Besuchs automatisch gel\u00f6scht.<\/p>\n\n\n\n<h3 class=\"wp-block-heading\"><br>8.3. Registrierung auf unserer Internet Seite<\/h3>\n\n\n\n<p>Auf unseren Webseiten besteht teils die M\u00f6glichkeit sich zu registrieren. Dies dient im Online Shop dazu unsere Kunden zu Identifizieren.<\/p>\n\n\n\n<p>Die Daten die Sie in der entsprechenden Eingabemaske eingeben werden ausschlie\u00dflich intern verwendet und nicht an Dritte weitergegeben.<\/p>\n\n\n\n<p>Sie k\u00f6nnen dem jederzeit widersprechen und Ihren Zugang l\u00f6schen. Benutzen Sie hierzu die Funktionen auf der Webseite oder schicken Sie uns eine e-Mail an die Kontaktadresse.<\/p>\n\n\n\n<p>Eine Registrierung ist freiwillig. F\u00fcr Bestellungen ist auch eine Gastbestellung m\u00f6glich.<\/p>\n\n\n\n<p>Wenn Sie bei uns Waren kaufen und sich diese nicht digital sondern als Paket liefern lassen, \u00fcbergeben wir die Versandadresse an den Versand Dienstleister (Deutsche Post). Dieser verwendet Ihre Daten nur intern und gibt diese nicht an andere weiter.<\/p>\n\n\n\n<h3 class=\"wp-block-heading\"><br>8.4. Server Logfiles<\/h3>\n\n\n\n<p>Unsere Server erstellen bei jedem Besuch unserer Webseiten automatisch Log Dateien. Log Dateien sind Protokolle, die folgendes aufzeichnen: Browsertyp und Version, verwendetes Betriebssystem, Referrer URL (von welcher Seite sind Sie zu uns gekommen), Hostname des zugreifenden Rechners, besuchte Webseite sowie Datum und Uhrzeit des Zugriffs. Diese Daten werden ben\u00f6tigt, um Auswertungen zur Systemsicherheit und -stabilit\u00e4t erstellen zu k\u00f6nnen damit ein reibungsloser Verbindungsaufbau gew\u00e4hrleistet ist.<\/p>\n\n\n\n<p>Logfiles werden zur Auswertung verwendet wenn die Webseite von einem Besucher rechtswidrig im nicht urspr\u00fcnglich gedachten Sinne genutzt wird. Strafverfolgungsbeh\u00f6rden k\u00f6nnen unter Umst\u00e4nden ein berechtigtes Interesse auf Herausgabe dieser Daten haben.<\/p>\n\n\n\n<p>Logfiles werden nach einer bestimmten Zeit automatisch gel\u00f6scht.<\/p>\n\n\n\n<p>Diese Daten k\u00f6nnen k\u00f6nnen nicht bestimmten Nutzern zugeordnet werden. Eine Zusammenf\u00fchrung dieser Daten mit anderen Daten wird nicht vorgenommen.<\/p>\n\n\n\n<h3 class=\"wp-block-heading\"><br>8.5. Google Analytics<\/h3>\n\n\n\n<p>Google Analytics ist ein Dienst der mit Hilfe der Daten der Webseiten Besucher eine Statistik erstellt. Sie k\u00f6nnen die Nutzung der Daten durch Google Analytics unterbinden. Besuchen Sie dazu die nachfolgende Webseite: https:\/\/tools.google.com\/dlpage\/gaoptout?hl=de<\/p>\n\n\n\n<p>Google Analytics ist ein Webanalysedienst der \u201eGoogle Inc. https:\/\/www.google.de\/intl\/de\/about\/ 1600 Amphitheatre Parkway, Mountain View, CA 94043, USA \u2013 im folgenden Google genannt. Google erzeugt pseudonymisierte Nutzungsprofile und Cookies. Ihre Daten wie Browser-Typ und Version, das verwendete Betriebssystem, die zuvor besuchte Seite (Referrer), der Hostname Ihres Rechners sowie die Uhrzeit der Anfrage werden an einen Server von Google in den USA \u00fcbertragen und dort gespeichert.<\/p>\n\n\n\n<p>Die Informationen werden verwendet, um die Nutzung der Webseite auszuwerten und um Reports \u00fcber Websiteaktivit\u00e4ten zusammenzustellen. Gegebenenfalls werden diese Informationen an Dritte \u00fcbertragen, sofern dies gesetzlich vorgeschrieben ist oder soweit Dritte diese Daten im Auftrag verarbeiten. Es wird in keinem Fall Ihre IP-Adresse mit anderen Daten von Google zusammengef\u00fchrt. Die IP Adressen werden anonymisiert, so dass eine Zuordnung nicht m\u00f6glich ist (IP-Masking).<\/p>\n\n\n\n<h3 class=\"wp-block-heading\">9. Schufa<\/h3>\n\n\n\n<p>Wir sind Partner der Schufa Holding AG, Kormoranweg 5, 65201 Wiesbaden &#8211; nachfolgend Schufa genannt. Wir bedienen uns der Dienstleistungen der Schufa indem wir bestimmte Daten mit Ihrem Einverst\u00e4ndnis abfragen.<\/p>\n\n\n\n<h3 class=\"wp-block-heading\"><br>9.1. Bonit\u00e4tspr\u00fcfung<\/h3>\n\n\n\n<p>Bei einem Kauf auf Rechnung oder per Lastschrift besteht f\u00fcr uns ein finanzielles Ausfallrisiko. Dies sind unsichere Zahlungsarten. Daher pr\u00fcfen wir beim Kaufabschluss Ihre Bonit\u00e4t anhand der Warenkorbgr\u00f6\u00dfe und Ihrer Daten. Die Daten werden daf\u00fcr an die Schufa \u00fcbergeben und dort gepr\u00fcft. Die Schufa meldet uns ein Bonit\u00e4tsmerkmal zur\u00fcck. Sofern das Merkmal nicht passt oder ein Fehler bei der \u00dcbertragung geschieht gelangen Sie wieder automatisch zur Auswahl einer anderen Zahlungsm\u00f6glichkeit. Zum Zweck des Abrufs von Bonit\u00e4tsinformationen werden die folgenden Daten an die SCHUFA Holding AG \u00fcbermittelt: Vorname, Nachname, Postadresse, Geburtsdatum.<\/p>\n\n\n\n<p>Sie willigen ein, dass wir zum Einholen dieser Bonit\u00e4tsinformation berechtigt sind und dass die von uns beauftragte Schufa von uns Ihre Daten zur Pr\u00fcfung erh\u00e4lt. Au\u00dferdem willigen Sie ein, dass die Schufa bei nicht vertragsgem\u00e4\u00dfen Verhalten dar\u00fcber benachrichtigt wird (Nichtzahlung der Rechnung).<\/p>\n\n\n\n<p>Die SCHUFA verarbeitet Daten und verwendet sie auch zum Zwecke der Profilbildung (Scoring), um ihren Vertragspartnern im Europ\u00e4ischen Wirtschaftsraum und in der Schweiz sowie ggf. weiteren Drittl\u00e4ndern (sofern zu diesen ein Angemessenheitsbeschluss der Europ\u00e4ischen Kommission besteht) Informationen unter anderem zur Beurteilung der Kreditw\u00fcrdigkeit von nat\u00fcrlichen Personen zu geben. N\u00e4here Informationen zur T\u00e4tigkeit der SCHUFA k\u00f6nnen dem SCHUFA-Informationsblatt entnommen (hier abrufbar) oder online unter www.schufa.de\/datenschutz eingesehen werden.<\/p>\n","protected":false},"excerpt":{"rendered":"<p>1. Impressum Verantwortlich: Charles ImilkowskiStubbenweg 2927753 Delmenhorst Umsatzsteuer Identnummer: DE316844774 Anfragen per e-Mail: info @ peppertools.de Faxnummer: 04221 \/ 2929455Telefon:<\/p>\n","protected":false},"author":1,"featured_media":0,"parent":0,"menu_order":0,"comment_status":"closed","ping_status":"closed","template":"","meta":{"footnotes":""},"class_list":["post-37","page","type-page","status-publish","hentry"],"_links":{"self":[{"href":"https:\/\/www.peppertools.de\/fr\/wp-json\/wp\/v2\/pages\/37","targetHints":{"allow":["GET"]}}],"collection":[{"href":"https:\/\/www.peppertools.de\/fr\/wp-json\/wp\/v2\/pages"}],"about":[{"href":"https:\/\/www.peppertools.de\/fr\/wp-json\/wp\/v2\/types\/page"}],"author":[{"embeddable":true,"href":"https:\/\/www.peppertools.de\/fr\/wp-json\/wp\/v2\/users\/1"}],"replies":[{"embeddable":true,"href":"https:\/\/www.peppertools.de\/fr\/wp-json\/wp\/v2\/comments?post=37"}],"version-history":[{"count":2,"href":"https:\/\/www.peppertools.de\/fr\/wp-json\/wp\/v2\/pages\/37\/revisions"}],"predecessor-version":[{"id":64,"href":"https:\/\/www.peppertools.de\/fr\/wp-json\/wp\/v2\/pages\/37\/revisions\/64"}],"wp:attachment":[{"href":"https:\/\/www.peppertools.de\/fr\/wp-json\/wp\/v2\/media?parent=37"}],"curies":[{"name":"wp","href":"https:\/\/api.w.org\/{rel}","templated":true}]}}