{"id":12,"date":"2022-01-08T15:31:18","date_gmt":"2022-01-08T14:31:18","guid":{"rendered":"http:\/\/www.peppertools.de\/it\/?page_id=12"},"modified":"2022-01-08T15:38:05","modified_gmt":"2022-01-08T14:38:05","slug":"sviluppo","status":"publish","type":"page","link":"https:\/\/www.peppertools.de\/it\/sviluppo\/","title":{"rendered":"Sviluppo"},"content":{"rendered":"\n<h2 class=\"wp-block-heading\">Soluzioni individuali<\/h2>\n\n\n\n<p>Lo sviluppo di soluzioni software individuali allevia i dipendenti nelle loro attivit\u00e0 di routine. Il tempo cos\u00ec liberato pu\u00f2 essere utilizzato per sviluppare ulteriormente la propria azienda, acquisire nuovi clienti e aumentare cos\u00ec le vendite. A breve e medio termine, vale la pena investire in un software che semplifichi i processi costantemente ricorrenti fino alla completa automazione.<\/p>\n\n\n\n<h2 class=\"wp-block-heading\">Esperienza<\/h2>\n\n\n\n<p>Programmo dal 1987 e da allora ho imparato a conoscere innumerevoli linguaggi e sistemi di programmazione. Negli ultimi 20 anni ho lavorato per molte aziende di medie dimensioni e ho sviluppato sia i loro sistemi che soluzioni software completamente indipendenti.<\/p>\n\n\n\n<h2 class=\"wp-block-heading\">Specializzazione<\/h2>\n\n\n\n<p>Nel frattempo, la mia specializzazione \u00e8 in applicazioni Windows .NET supportate da database (C#); In particolare, le interfacce tra diversi sistemi costituiscono una parte importante del mio lavoro. In questo modo creo la connessione tra i pi\u00f9 svariati sistemi in modo da elaborare e scambiare dati nel modo pi\u00f9 automatico possibile. Inoltre, lo sviluppo (web) nell&#8217;area PHP \u00e8 la mia seconda area per abilitare la comunicazione tra le applicazioni Windows e il mondo web.<\/p>\n\n\n\n<p>Qualche esempio &#8230;<\/p>\n\n\n\n<ul class=\"wp-block-list\"><li>Connessioni EDI per vari formati EDIFACT come ORDERS, ORDRSP, DESADV, INVOICE come Amazon Vendor, ex Neckermann, Netto, myToys e altre grandi aziende<\/li><li>Interfacce tra sistemi ERP come SAP, Munixo, Kadis e grandi negozi online con oltre 100.000 ordini all&#8217;anno<\/li><li>Estensioni del server Munixo ERP<\/li><li>Interfacce di contabilit\u00e0 finanziaria (CSV e BAPI) tra SAP e altri sistemi<\/li><li>Connessioni Salesforce ai sistemi ERP per lo scambio di dati bidirezionale<\/li><li>API REST\/SOAP<\/li><li>Sistema CRM individuale<\/li><li>Acquisizione individuale dei dati di produzione<\/li><li>Software per mostre<\/li><li>Valutazioni Qlikview BI<\/li><\/ul>\n\n\n\n<h2 class=\"wp-block-heading\">Contatto<\/h2>\n\n\n\n<p>In linea di principio, l&#8217;anno \u00e8 sempre molto ben pianificato. Se sei interessato, attendiamo con impazienza richieste significative e possiamo quindi discutere le specifiche personalmente. Vi preghiamo di contattarci per la prima volta via e-mail (info {at) peppertools.de).<\/p>\n\n\n\n<p><\/p>\n\n\n\n<p><\/p>\n","protected":false},"excerpt":{"rendered":"<p>Soluzioni individuali Lo sviluppo di soluzioni software individuali allevia i dipendenti nelle loro attivit\u00e0 di routine. Il tempo cos\u00ec liberato<\/p>\n","protected":false},"author":1,"featured_media":0,"parent":0,"menu_order":0,"comment_status":"closed","ping_status":"closed","template":"","meta":{"footnotes":""},"class_list":["post-12","page","type-page","status-publish","hentry"],"_links":{"self":[{"href":"https:\/\/www.peppertools.de\/it\/wp-json\/wp\/v2\/pages\/12","targetHints":{"allow":["GET"]}}],"collection":[{"href":"https:\/\/www.peppertools.de\/it\/wp-json\/wp\/v2\/pages"}],"about":[{"href":"https:\/\/www.peppertools.de\/it\/wp-json\/wp\/v2\/types\/page"}],"author":[{"embeddable":true,"href":"https:\/\/www.peppertools.de\/it\/wp-json\/wp\/v2\/users\/1"}],"replies":[{"embeddable":true,"href":"https:\/\/www.peppertools.de\/it\/wp-json\/wp\/v2\/comments?post=12"}],"version-history":[{"count":2,"href":"https:\/\/www.peppertools.de\/it\/wp-json\/wp\/v2\/pages\/12\/revisions"}],"predecessor-version":[{"id":21,"href":"https:\/\/www.peppertools.de\/it\/wp-json\/wp\/v2\/pages\/12\/revisions\/21"}],"wp:attachment":[{"href":"https:\/\/www.peppertools.de\/it\/wp-json\/wp\/v2\/media?parent=12"}],"curies":[{"name":"wp","href":"https:\/\/api.w.org\/{rel}","templated":true}]}}