{"id":11,"date":"2022-01-08T15:48:30","date_gmt":"2022-01-08T14:48:30","guid":{"rendered":"http:\/\/www.peppertools.de\/pl\/?page_id=11"},"modified":"2022-01-08T15:53:57","modified_gmt":"2022-01-08T14:53:57","slug":"rozwoj-oprogramowania","status":"publish","type":"page","link":"https:\/\/www.peppertools.de\/pl\/rozwoj-oprogramowania\/","title":{"rendered":"Rozw\u00f3j oprogramowania"},"content":{"rendered":"\n<h2 class=\"wp-block-heading\">Indywidualne rozwi\u0105zania<\/h2>\n\n\n\n<p>Tworzenie indywidualnych rozwi\u0105za\u0144 programowych odci\u0105\u017ca pracownik\u00f3w w ich rutynowych czynno\u015bciach. Uwolniony w efekcie czas mo\u017cna przeznaczy\u0107 na dalszy rozw\u00f3j w\u0142asnej firmy, pozyskiwanie nowych klient\u00f3w i tym samym zwi\u0119kszanie sprzeda\u017cy. W kr\u00f3tkim i \u015brednim okresie warto zainwestowa\u0107 w oprogramowanie, kt\u00f3re usprawnia stale powtarzaj\u0105ce si\u0119 procesy, a\u017c do pe\u0142nej automatyzacji.<\/p>\n\n\n\n<h2 class=\"wp-block-heading\">Do\u015bwiadczenie<\/h2>\n\n\n\n<p>Programuj\u0119 od 1987 roku i od tego czasu nauczy\u0142em si\u0119 niezliczonych j\u0119zyk\u00f3w programowania i system\u00f3w. W ci\u0105gu ostatnich 20 lat pracowa\u0142em dla wielu \u015brednich firm i rozwija\u0142em zar\u00f3wno ich systemy, jak i ca\u0142kowicie niezale\u017cne rozwi\u0105zania programistyczne.<\/p>\n\n\n\n<h2 class=\"wp-block-heading\">Specjalizacja<\/h2>\n\n\n\n<p>W mi\u0119dzyczasie specjalizuj\u0119 si\u0119 w aplikacjach Windows .NET obs\u0142uguj\u0105cych bazy danych (C#); W szczeg\u00f3lno\u015bci du\u017c\u0105 cz\u0119\u015b\u0107 mojej pracy stanowi\u0105 interfejsy pomi\u0119dzy r\u00f3\u017cnymi systemami. W ten spos\u00f3b tworz\u0119 po\u0142\u0105czenie pomi\u0119dzy najr\u00f3\u017cniejszymi systemami, aby jak najbardziej automatycznie przetwarza\u0107 i wymienia\u0107 dane. Co wi\u0119cej, rozw\u00f3j (web) w obszarze PHP jest moim drugim obszarem umo\u017cliwiaj\u0105cym komunikacj\u0119 mi\u0119dzy aplikacjami Windows a \u015bwiatem WWW.<\/p>\n\n\n\n<p>Kilka przyk\u0142ad\u00f3w \u2026<\/p>\n\n\n\n<ul class=\"wp-block-list\"><li>Po\u0142\u0105czenia EDI dla r\u00f3\u017cnych format\u00f3w EDIFACT, takich jak ORDERS, ORDRSP, DESADV, INVOICE, takich jak Amazon Vendor, dawniej Neckermann, Netto, myToys i inne du\u017ce firmy<\/li><li>Interfejsy mi\u0119dzy systemami ERP, takimi jak SAP, Munixo, Kadis, a du\u017cymi sklepami internetowymi z ponad 100 000 zam\u00f3wie\u0144 rocznie<\/li><li>Rozszerzenia serwera Munixo ERP<\/li><li>Interfejsy finansowo-ksi\u0119gowe (CSV i BAPI) pomi\u0119dzy SAP a innymi systemami<\/li><li>Po\u0142\u0105czenia Salesforce z systemami ERP w celu dwukierunkowej wymiany danych<\/li><li>REST \/ SOAP API<\/li><li>Indywidualny system CRM<\/li><li>Pozyskiwanie indywidualnych danych produkcyjnych<\/li><li>Oprogramowanie wystawiennicze<\/li><li>Oceny Qlikview BI<\/li><\/ul>\n\n\n\n<h2 class=\"wp-block-heading\">Kontakt<\/h2>\n\n\n\n<p>W zasadzie rok jest zawsze bardzo dobrze zaplanowany. Je\u015bli jeste\u015b zainteresowany, czekamy na sensowne zapytania, a nast\u0119pnie mo\u017cemy osobi\u015bcie om\u00f3wi\u0107 szczeg\u00f3\u0142y. Skontaktuj si\u0119 z nami po raz pierwszy przez e-mail (info {at) peppertools.de).<\/p>\n\n\n\n<p><\/p>\n","protected":false},"excerpt":{"rendered":"<p>Indywidualne rozwi\u0105zania Tworzenie indywidualnych rozwi\u0105za\u0144 programowych odci\u0105\u017ca pracownik\u00f3w w ich rutynowych czynno\u015bciach. Uwolniony w efekcie czas mo\u017cna przeznaczy\u0107 na dalszy<\/p>\n","protected":false},"author":1,"featured_media":0,"parent":0,"menu_order":0,"comment_status":"closed","ping_status":"closed","template":"","meta":{"footnotes":""},"class_list":["post-11","page","type-page","status-publish","hentry"],"_links":{"self":[{"href":"https:\/\/www.peppertools.de\/pl\/wp-json\/wp\/v2\/pages\/11","targetHints":{"allow":["GET"]}}],"collection":[{"href":"https:\/\/www.peppertools.de\/pl\/wp-json\/wp\/v2\/pages"}],"about":[{"href":"https:\/\/www.peppertools.de\/pl\/wp-json\/wp\/v2\/types\/page"}],"author":[{"embeddable":true,"href":"https:\/\/www.peppertools.de\/pl\/wp-json\/wp\/v2\/users\/1"}],"replies":[{"embeddable":true,"href":"https:\/\/www.peppertools.de\/pl\/wp-json\/wp\/v2\/comments?post=11"}],"version-history":[{"count":2,"href":"https:\/\/www.peppertools.de\/pl\/wp-json\/wp\/v2\/pages\/11\/revisions"}],"predecessor-version":[{"id":20,"href":"https:\/\/www.peppertools.de\/pl\/wp-json\/wp\/v2\/pages\/11\/revisions\/20"}],"wp:attachment":[{"href":"https:\/\/www.peppertools.de\/pl\/wp-json\/wp\/v2\/media?parent=11"}],"curies":[{"name":"wp","href":"https:\/\/api.w.org\/{rel}","templated":true}]}}