{"id":9,"date":"2022-01-08T15:47:50","date_gmt":"2022-01-08T14:47:50","guid":{"rendered":"http:\/\/www.peppertools.de\/pl\/?page_id=9"},"modified":"2022-03-25T19:26:53","modified_gmt":"2022-03-25T18:26:53","slug":"pobieranie-oprogramowania","status":"publish","type":"page","link":"https:\/\/www.peppertools.de\/pl\/","title":{"rendered":"Pobieranie oprogramowania"},"content":{"rendered":"\n<p>Kliknij nazw\u0119 oprogramowania, kt\u00f3re ma zosta\u0107 przekierowane bezpo\u015brednio do produktu w sklepie internetowym.<\/p>\n\n\n<figure class=\"wp-block-table\">\n<table>\n<tbody>\n<tr>\n<td><a href=\"https:\/\/shop.peppertools.de\/en\/Easy-Invoice\/Invoice-program-for-Windows-Easy-Invoice::1.html\"><strong>Easy Invoice<\/strong><\/a><\/td>\n<td><span class=\"VIiyi\" lang=\"pl\"><span class=\"JLqJ4b ChMk0b\" data-language-for-alternatives=\"pl\" data-language-to-translate-into=\"de\" data-phrase-index=\"2\" data-number-of-phrases=\"21\">Oprogramowanie do pisania ofert i faktur<\/span><\/span><\/td>\n<td class=\"has-text-align-right\" data-align=\"right\"><a href=\"https:\/\/download.peppertools.de\/?EasyInvoice\"><img decoding=\"async\" style=\"width: 100px;\" src=\"https:\/\/www.peppertools.de\/wp-content\/uploads\/2022\/01\/file-download.png\" alt=\"\" \/><\/a><\/td>\n<\/tr>\n<tr>\n<td><a href=\"https:\/\/shop.peppertools.de\/en\/Bewerbungsmanagement\/Application-management::7.html\"><strong>Bewerbungsmanagement<\/strong><\/a><\/td>\n<td><span class=\"VIiyi\" lang=\"pl\"><span class=\"JLqJ4b ChMk0b\" data-language-for-alternatives=\"pl\" data-language-to-translate-into=\"de\" data-phrase-index=\"4\" data-number-of-phrases=\"21\">Oprogramowanie do pisania aplikacji.<\/span> <span class=\"JLqJ4b ChMk0b\" data-language-for-alternatives=\"pl\" data-language-to-translate-into=\"de\" data-phrase-index=\"5\" data-number-of-phrases=\"21\">Tworzenie folder\u00f3w aplikacji w formacie PDF.<\/span><\/span><\/td>\n<td class=\"has-text-align-right\" data-align=\"right\"><a href=\"https:\/\/download.peppertools.de\/?Bewerbung\"><img decoding=\"async\" src=\"https:\/\/www.peppertools.de\/wp-content\/uploads\/2022\/01\/file-download.png\" alt=\"\" \/><\/a><\/td>\n<\/tr>\n<tr>\n<td><a href=\"https:\/\/shop.peppertools.de\/en\/VAT-Validator\/VAT-Validator-Sales-tax-number-verification-by-the-Federal-Central-Tax-Office::3.html\"><strong>VAT Validator<\/strong><\/a><\/td>\n<td><span class=\"VIiyi\" lang=\"pl\"><span class=\"JLqJ4b ChMk0b\" data-language-for-alternatives=\"pl\" data-language-to-translate-into=\"de\" data-phrase-index=\"7\" data-number-of-phrases=\"21\">Program do weryfikacji numer\u00f3w identyfikacyjnych podatku obrotowego pod k\u0105tem ich wa\u017cno\u015bci.<\/span> <span class=\"JLqJ4b ChMk0b\" data-language-for-alternatives=\"pl\" data-language-to-translate-into=\"de\" data-phrase-index=\"8\" data-number-of-phrases=\"21\">Por\u00f3wnanie odbywa si\u0119 za po\u015brednictwem Federalnego Centralnego Urz\u0119du Podatkowego.<\/span><\/span><\/td>\n<td class=\"has-text-align-right\" data-align=\"right\"><a href=\"https:\/\/download.peppertools.de\/?VATValidator\"><img decoding=\"async\" src=\"https:\/\/www.peppertools.de\/wp-content\/uploads\/2022\/01\/file-download.png\" alt=\"\" \/><\/a><\/td>\n<\/tr>\n<tr>\n<td><a href=\"https:\/\/shop.peppertools.de\/en\/MsOffice-block-texts\/MsOffice-Blocktext-Supporter-for-Microsoft-Word-and-Outlook::5.html\"><strong>Blocktext Supporter<\/strong><\/a><\/td>\n<td><span class=\"VIiyi\" lang=\"pl\"><span class=\"JLqJ4b ChMk0b\" data-language-for-alternatives=\"pl\" data-language-to-translate-into=\"de\" data-phrase-index=\"10\" data-number-of-phrases=\"21\">Wtyczka MSOffice Word i Outlook do tworzenia, zarz\u0105dzania i u\u017cywania tekst\u00f3w blokowych.<\/span> <span class=\"JLqJ4b ChMk0b\" data-language-for-alternatives=\"pl\" data-language-to-translate-into=\"de\" data-phrase-index=\"11\" data-number-of-phrases=\"21\">Mo\u017cliwe jest u\u017cycie grafiki.<\/span><\/span><\/td>\n<td class=\"has-text-align-right\" width=\"100\" data-align=\"right\"><a href=\"https:\/\/download.peppertools.de\/?BlocktextSupporter\"><img decoding=\"async\" src=\"https:\/\/www.peppertools.de\/wp-content\/uploads\/2022\/01\/file-download.png\" alt=\"Software Download\" width=\"100\" \/><\/a><\/td>\n<\/tr>\n<tr>\n<td><a href=\"https:\/\/shop.peppertools.de\/de\/Druckerverwaltung\/Drucker-und-Toner-Verwaltung::12.html\"><strong>Druckerverwaltung Printer Admin<\/strong><\/a><\/td>\n<td>Zarz\u0105dzanie drukark\u0105 do zarz\u0105dzania zapasami tonera i urz\u0105dzeniami.<\/td>\n<td class=\"has-text-align-right\" width=\"100\" data-align=\"right\"><a href=\"https:\/\/download.peppertools.de\/?PrinterAdmin\"><img decoding=\"async\" src=\"https:\/\/www.peppertools.de\/wp-content\/uploads\/2022\/01\/file-download.png\" alt=\"Software Download\" width=\"100\" \/><\/a><\/td>\n<\/tr>\n<tr>\n<td><a href=\"https:\/\/shop.peppertools.de\/de\/IMAP-Copy\/IMAP-Mail-Copy::13.html\"><strong>IMAP Mail Copy<\/strong><\/a><\/td>\n<td>Skopiuj cz\u0119\u015bci lub ca\u0142e konta e-mail na nowe konta.<\/td>\n<td class=\"has-text-align-right\" width=\"100\" data-align=\"right\"><a href=\"https:\/\/download.peppertools.de\/?IMAPMailCopy\"><img decoding=\"async\" src=\"https:\/\/www.peppertools.de\/wp-content\/uploads\/2022\/01\/file-download.png\" alt=\"Software Download\" width=\"100\" \/><\/a><\/td>\n<\/tr>\n<\/tbody>\n<\/table>\n<\/figure>\n<p><a href=\"https:\/\/www.peppertools.de\/\"><img decoding=\"async\" src=\"\/grafik\/de.gif\" width=\"20\" border=\"0\" \/><\/a>\u00a0\u00a0\u00a0<a href=\"https:\/\/www.peppertools.de\/en\/\"><img decoding=\"async\" src=\"\/grafik\/en.gif\" width=\"20\" border=\"0\" \/><\/a>\u00a0\u00a0\u00a0<a href=\"https:\/\/www.peppertools.de\/es\/\"><img decoding=\"async\" src=\"\/grafik\/es.gif\" width=\"20\" border=\"0\" \/><\/a>\u00a0\u00a0\u00a0<a href=\"https:\/\/www.peppertools.de\/fr\/\"><img decoding=\"async\" src=\"\/grafik\/fr.gif\" width=\"20\" border=\"0\" \/><\/a>\u00a0\u00a0\u00a0<a href=\"https:\/\/www.peppertools.de\/it\/\"><img decoding=\"async\" src=\"\/grafik\/it.gif\" width=\"20\" border=\"0\" \/><\/a>\u00a0\u00a0\u00a0<a href=\"https:\/\/www.peppertools.de\/pl\/\"><img decoding=\"async\" src=\"\/grafik\/pl.gif\" width=\"20\" border=\"0\" \/><\/a><\/p>\n\n\n<h2 class=\"wp-block-heading\">Wymagania<\/h2>\n\n\n\n<p>Wszystkie pakiety oprogramowania dzia\u0142aj\u0105 w systemach operacyjnych Windows. macOS i Linux nie s\u0105 obs\u0142ugiwane. Obs\u0142ugiwane s\u0105 klienckie systemy operacyjne Windows 7, Windows 8, Windows 10 i Windows 11.<\/p>\n\n\n\n<p>Systemy operacyjne Windows Server dzia\u0142aj\u0105 r\u00f3wnie\u017c, je\u015bli zainstalowano co najmniej Net Framework 4. Framework mo\u017cna pobra\u0107 bezp\u0142atnie od firmy Microsoft.<\/p>\n\n\n\n<p><\/p>\n","protected":false},"excerpt":{"rendered":"<p>Kliknij nazw\u0119 oprogramowania, kt\u00f3re ma zosta\u0107 przekierowane bezpo\u015brednio do produktu w sklepie internetowym. Easy Invoice Oprogramowanie do pisania ofert i<\/p>\n","protected":false},"author":1,"featured_media":0,"parent":0,"menu_order":0,"comment_status":"closed","ping_status":"closed","template":"","meta":{"footnotes":""},"class_list":["post-9","page","type-page","status-publish","hentry"],"_links":{"self":[{"href":"https:\/\/www.peppertools.de\/pl\/wp-json\/wp\/v2\/pages\/9","targetHints":{"allow":["GET"]}}],"collection":[{"href":"https:\/\/www.peppertools.de\/pl\/wp-json\/wp\/v2\/pages"}],"about":[{"href":"https:\/\/www.peppertools.de\/pl\/wp-json\/wp\/v2\/types\/page"}],"author":[{"embeddable":true,"href":"https:\/\/www.peppertools.de\/pl\/wp-json\/wp\/v2\/users\/1"}],"replies":[{"embeddable":true,"href":"https:\/\/www.peppertools.de\/pl\/wp-json\/wp\/v2\/comments?post=9"}],"version-history":[{"count":7,"href":"https:\/\/www.peppertools.de\/pl\/wp-json\/wp\/v2\/pages\/9\/revisions"}],"predecessor-version":[{"id":48,"href":"https:\/\/www.peppertools.de\/pl\/wp-json\/wp\/v2\/pages\/9\/revisions\/48"}],"wp:attachment":[{"href":"https:\/\/www.peppertools.de\/pl\/wp-json\/wp\/v2\/media?parent=9"}],"curies":[{"name":"wp","href":"https:\/\/api.w.org\/{rel}","templated":true}]}}